{"id":8,"date":"2021-03-04T11:28:58","date_gmt":"2021-03-04T11:28:58","guid":{"rendered":"http:\/\/patricniederhauser.com\/?page_id=8"},"modified":"2021-04-04T17:45:48","modified_gmt":"2021-04-04T17:45:48","slug":"herzlich-willkommen","status":"publish","type":"page","link":"https:\/\/www.patricniederhauser.com\/","title":{"rendered":"Patric Niederhauser"},"content":{"rendered":"\n<p>Zielstrebig, hoch professionell, charismatisch und schnell: Der Schweizer Rennfahrer Patric Niederhauser klettert stetig auf der Erfolgsleiter nach oben.<\/p>\n\n\n\n<p>Wie viele Gr\u00f6ssen des Motorsports begann auch Patrics Karriere im Kartsport. Im Jahr 2009 wurde der heute 24-J\u00e4hrige Zweiter in der Schweizer Kartmeisterschaft. Damit war die Zeit reif f\u00fcr den n\u00e4chsten grossen Schritt in seiner Motorsport-Laufbahn: der Sprung in den Formel-Sport.<\/p>\n\n\n\n<p>Im ersten Jahr in der italienischen Formel Abarth wurde Patric auf Anhieb Gesamtzweiter in der Meisterschaft. 2011 dann der grosse Durchbruch: Der erste Titel im gerade einmal zweiten Jahr im Formelsport. Parallel dazu ging Patric in der Europ\u00e4ischen Formel Abarth an den Start &#8211; und dort nicht minder erfolgreich. Zu Saisonende wurde er dort Zweiter.<\/p>\n\n\n\n<p>Der Aufstieg in die GP3 war der n\u00e4chste logische Schritt. Im stark besetzten Fahrerfeld fuhr Patric mehrere Siege ein. Parallel dazu schnupperte er 2013 Langstreckenluft: Im Rahmen der European Le Mans Series stieg Patric in einen LMP2 Prototypen und nahm an den 24 Stunden von Le Mans teil.<\/p>\n\n\n\n<p>2015 folgte Patric dem Ruf des GT-Rennsports und hat dort sein vorl\u00e4ufiges Zuhause gefunden. Nach einem Jahr in der Lamborghini Super Trofeo Europe wurde Patric zum offiziellen Lamborghini GT3-Junior bef\u00f6rdert. Das Vertrauen des italienischen Premium-Herstellers war begr\u00fcndet. Seine Leidenschaft f\u00fcr Langstreckensport lebt Patric heute im prestigetr\u00e4chtigen Blancpain Endurance Cup aus. Daneben ist der Schweizer auch im Blancpain Sprint Cup unterwegs und k\u00e4mpft in Deutschlands gr\u00f6sster GT3-Rennserie, dem ADAC GT Masters, um Punkte.<\/p>\n","protected":false},"excerpt":{"rendered":"<p>Zielstrebig, hoch professionell, charismatisch und schnell: Der Schweizer Rennfahrer Patric Niederhauser klettert stetig auf der Erfolgsleiter nach oben. Wie viele Gr\u00f6ssen des Motorsports begann auch Patrics Karriere im Kartsport. Im Jahr 2009 wurde der heute 24-J\u00e4hrige Zweiter in der Schweizer Kartmeisterschaft. Damit war die Zeit reif f\u00fcr den n\u00e4chsten grossen Schritt in seiner Motorsport-Laufbahn: der [&hellip;]<\/p>\n","protected":false},"author":1,"featured_media":41,"parent":0,"menu_order":0,"comment_status":"closed","ping_status":"closed","template":"","meta":{"footnotes":""},"class_list":["post-8","page","type-page","status-publish","has-post-thumbnail","hentry"],"_links":{"self":[{"href":"https:\/\/www.patricniederhauser.com\/index.php\/wp-json\/wp\/v2\/pages\/8","targetHints":{"allow":["GET"]}}],"collection":[{"href":"https:\/\/www.patricniederhauser.com\/index.php\/wp-json\/wp\/v2\/pages"}],"about":[{"href":"https:\/\/www.patricniederhauser.com\/index.php\/wp-json\/wp\/v2\/types\/page"}],"author":[{"embeddable":true,"href":"https:\/\/www.patricniederhauser.com\/index.php\/wp-json\/wp\/v2\/users\/1"}],"replies":[{"embeddable":true,"href":"https:\/\/www.patricniederhauser.com\/index.php\/wp-json\/wp\/v2\/comments?post=8"}],"version-history":[{"count":16,"href":"https:\/\/www.patricniederhauser.com\/index.php\/wp-json\/wp\/v2\/pages\/8\/revisions"}],"predecessor-version":[{"id":307,"href":"https:\/\/www.patricniederhauser.com\/index.php\/wp-json\/wp\/v2\/pages\/8\/revisions\/307"}],"wp:featuredmedia":[{"embeddable":true,"href":"https:\/\/www.patricniederhauser.com\/index.php\/wp-json\/wp\/v2\/media\/41"}],"wp:attachment":[{"href":"https:\/\/www.patricniederhauser.com\/index.php\/wp-json\/wp\/v2\/media?parent=8"}],"curies":[{"name":"wp","href":"https:\/\/api.w.org\/{rel}","templated":true}]}}